{"id":16,"date":"2014-04-28T10:44:32","date_gmt":"2014-04-28T10:44:32","guid":{"rendered":"http:\/\/www.suministroscti.com\/?page_id=16"},"modified":"2018-10-19T17:15:41","modified_gmt":"2018-10-19T15:15:41","slug":"la-empresa","status":"publish","type":"page","link":"http:\/\/www.suministroscti.com\/","title":{"rendered":"Empresa"},"content":{"rendered":"<p style=\"text-align: justify;\"><img loading=\"lazy\" decoding=\"async\" class=\"aligncenter size-full wp-image-120\" src=\"http:\/\/www.suministroscti.com\/wp-content\/uploads\/2014\/05\/empresa_cti.jpg\" alt=\"empresa_cti\" width=\"960\" height=\"241\" srcset=\"http:\/\/www.suministroscti.com\/wp-content\/uploads\/2014\/05\/empresa_cti.jpg 960w, http:\/\/www.suministroscti.com\/wp-content\/uploads\/2014\/05\/empresa_cti-300x75.jpg 300w\" sizes=\"auto, (max-width: 960px) 100vw, 960px\" \/><\/p>\n<p style=\"text-align: justify;\">En <span style=\"color: #01567b;\"><strong>Suministros CTI<\/strong><\/span> nos dedicamos a la venta y log\u00edstica de suministros industriales para sectores de Automoci\u00f3n, Hosteler\u00eda, Construcci\u00f3n, Tratamiento de Aguas e Industria en general.<\/p>\n<p style=\"text-align: center;\"><img loading=\"lazy\" decoding=\"async\" class=\"alignnone size-full wp-image-69\" src=\"http:\/\/www.suministroscti.com\/wp-content\/uploads\/2014\/04\/chemical-warehouse.jpg\" alt=\"chemical-warehouse\" width=\"960\" height=\"300\" srcset=\"http:\/\/www.suministroscti.com\/wp-content\/uploads\/2014\/04\/chemical-warehouse.jpg 960w, http:\/\/www.suministroscti.com\/wp-content\/uploads\/2014\/04\/chemical-warehouse-300x93.jpg 300w\" sizes=\"auto, (max-width: 960px) 100vw, 960px\" \/><\/p>\n<p style=\"text-align: justify;\">Calidad y profesionalidad son normas que <strong><span style=\"color: #01567b;\">Suministros CTI<\/span><\/strong> ha adoptado tradicionalmente desde su fundaci\u00f3n en a\u00f1o 2008, convirti\u00e9ndose en la mejor garant\u00eda de compromiso con todos nuestros clientes.<\/p>\n<p style=\"text-align: center;\"><img loading=\"lazy\" decoding=\"async\" class=\"alignnone size-full wp-image-70\" src=\"http:\/\/www.suministroscti.com\/wp-content\/uploads\/2014\/04\/Warehouse-Quality.jpg\" alt=\"Warehouse-Quality\" width=\"800\" height=\"281\" srcset=\"http:\/\/www.suministroscti.com\/wp-content\/uploads\/2014\/04\/Warehouse-Quality.jpg 800w, http:\/\/www.suministroscti.com\/wp-content\/uploads\/2014\/04\/Warehouse-Quality-300x105.jpg 300w\" sizes=\"auto, (max-width: 800px) 100vw, 800px\" \/><\/p>\n<p style=\"text-align: justify;\">Contamos con personal especializado que le podr\u00e1 asesorar en cada momento, ofreci\u00e9ndole la soluci\u00f3n m\u00e1s adecuada seg\u00fan sus necesidades gracias a nuestra amplia gama de productos.<\/p>\n<p>&nbsp;<\/p>\n","protected":false},"excerpt":{"rendered":"<p>En Suministros CTI nos dedicamos a la venta y log\u00edstica de suministros industriales para sectores de Automoci\u00f3n, Hosteler\u00eda, Construcci\u00f3n, Tratamiento de Aguas e Industria en general. Calidad y profesionalidad son normas que Suministros CTI ha adoptado tradicionalmente desde su fundaci\u00f3n en a\u00f1o 2008, convirti\u00e9ndose en la mejor garant\u00eda de compromiso con todos nuestros clientes. Contamos &hellip; <\/p>\n<p><a class=\"more-link btn\" href=\"http:\/\/www.suministroscti.com\/\">Seguir leyendo<\/a><\/p>\n","protected":false},"author":1,"featured_media":0,"parent":0,"menu_order":0,"comment_status":"open","ping_status":"closed","template":"","meta":{"footnotes":""},"class_list":["post-16","page","type-page","status-publish","hentry","nodate","item-wrap"],"_links":{"self":[{"href":"http:\/\/www.suministroscti.com\/index.php?rest_route=\/wp\/v2\/pages\/16","targetHints":{"allow":["GET"]}}],"collection":[{"href":"http:\/\/www.suministroscti.com\/index.php?rest_route=\/wp\/v2\/pages"}],"about":[{"href":"http:\/\/www.suministroscti.com\/index.php?rest_route=\/wp\/v2\/types\/page"}],"author":[{"embeddable":true,"href":"http:\/\/www.suministroscti.com\/index.php?rest_route=\/wp\/v2\/users\/1"}],"replies":[{"embeddable":true,"href":"http:\/\/www.suministroscti.com\/index.php?rest_route=%2Fwp%2Fv2%2Fcomments&post=16"}],"version-history":[{"count":14,"href":"http:\/\/www.suministroscti.com\/index.php?rest_route=\/wp\/v2\/pages\/16\/revisions"}],"predecessor-version":[{"id":277,"href":"http:\/\/www.suministroscti.com\/index.php?rest_route=\/wp\/v2\/pages\/16\/revisions\/277"}],"wp:attachment":[{"href":"http:\/\/www.suministroscti.com\/index.php?rest_route=%2Fwp%2Fv2%2Fmedia&parent=16"}],"curies":[{"name":"wp","href":"https:\/\/api.w.org\/{rel}","templated":true}]}}