{"id":18,"date":"2014-04-28T10:48:58","date_gmt":"2014-04-28T10:48:58","guid":{"rendered":"http:\/\/www.suministroscti.com\/?page_id=18"},"modified":"2018-10-19T17:16:22","modified_gmt":"2018-10-19T15:16:22","slug":"productos","status":"publish","type":"page","link":"http:\/\/www.suministroscti.com\/?page_id=18","title":{"rendered":"Productos"},"content":{"rendered":"<hr \/>\n<h5 style=\"text-align: left;\"><\/h5>\n<h5 style=\"text-align: left;\"><span style=\"color: #0000ff;\"><strong><span style=\"color: #ff0000;\">Descargas:<\/span> \u00a0\u00a0 <\/strong><\/span><\/h5>\n<ul>\n<li>\n<h5 style=\"text-align: left;\"><a href=\"https:\/\/mega.co.nz\/#!UQACAA4A!R4TIZzw-ZIlmql-bkgfhsx3RHdce8JPvBnrJs8dubBo\" target=\"_blank\"><span style=\"color: #0000ff;\"><strong>Cat\u00e1logo de Productos Qu\u00edmicos<\/strong><\/span><\/a><\/h5>\n<\/li>\n<li>\n<h5 style=\"text-align: left;\"><a href=\"https:\/\/mega.co.nz\/#!RVRkhLiQ!DfMo_lljy2ik4P6veoWIK3qDI-gkgeW-gaLYjm7-x28\" target=\"_blank\"><strong><span style=\"color: #0000ff;\">Cat\u00e1logo de Productos de Limpieza y Hosteler\u00eda<\/span><\/strong><\/a><\/h5>\n<\/li>\n<\/ul>\n<hr \/>\n<h3>PRODUCTOS POR SECTORES<\/h3>\n<p>&nbsp;<\/p>\n<table border=\"1\" width=\"100%\">\n<tbody>\n<tr>\n<td>\n<p><div id=\"attachment_74\" style=\"width: 150px\" class=\"wp-caption aligncenter\"><a href=\"http:\/\/www.suministroscti.com\/?cat=3\"><img loading=\"lazy\" decoding=\"async\" aria-describedby=\"caption-attachment-74\" class=\"size-thumbnail wp-image-74\" src=\"http:\/\/www.suministroscti.com\/wp-content\/uploads\/2014\/04\/automocion-150x150.jpg\" alt=\"Industria y Automoci\u00f3n\" width=\"150\" height=\"150\" \/><\/a><p id=\"caption-attachment-74\" class=\"wp-caption-text\"><a href=\"http:\/\/www.suministroscti.com\/?cat=3\">Industria y Automoci\u00f3n<\/a><\/p><\/div><\/td>\n<td>\n<p><div id=\"attachment_75\" style=\"width: 150px\" class=\"wp-caption aligncenter\"><a href=\"http:\/\/www.suministroscti.com\/?cat=7\"><img loading=\"lazy\" decoding=\"async\" aria-describedby=\"caption-attachment-75\" class=\"size-thumbnail wp-image-75\" src=\"http:\/\/www.suministroscti.com\/wp-content\/uploads\/2014\/04\/hosteleria-150x150.jpg\" alt=\"Hosteler\u00eda\" width=\"150\" height=\"150\" \/><\/a><p id=\"caption-attachment-75\" class=\"wp-caption-text\"><a href=\"http:\/\/www.suministroscti.com\/?cat=7\">Hosteler\u00eda<\/a><\/p><\/div><\/td>\n<\/tr>\n<tr>\n<td style=\"text-align: center;\">\n<p><div id=\"attachment_78\" style=\"width: 150px\" class=\"wp-caption aligncenter\"><a href=\"http:\/\/www.suministroscti.com\/?cat=5\"><img loading=\"lazy\" decoding=\"async\" aria-describedby=\"caption-attachment-78\" class=\"size-thumbnail wp-image-78\" src=\"http:\/\/www.suministroscti.com\/wp-content\/uploads\/2014\/04\/construccion-150x150.jpg\" alt=\"Construcci\u00f3n\" width=\"150\" height=\"150\" \/><\/a><p id=\"caption-attachment-78\" class=\"wp-caption-text\"><a href=\"http:\/\/www.suministroscti.com\/?cat=5\">Construcci\u00f3n<\/a><\/p><\/div><\/td>\n<td style=\"text-align: center;\">\n<p><div id=\"attachment_79\" style=\"width: 150px\" class=\"wp-caption aligncenter\"><a href=\"http:\/\/www.suministroscti.com\/?cat=10\"><img loading=\"lazy\" decoding=\"async\" aria-describedby=\"caption-attachment-79\" class=\"size-thumbnail wp-image-79\" src=\"http:\/\/www.suministroscti.com\/wp-content\/uploads\/2014\/04\/water-150x150.jpg\" alt=\"Tratamiento de Aguas\" width=\"150\" height=\"150\" \/><\/a><p id=\"caption-attachment-79\" class=\"wp-caption-text\"><a href=\"http:\/\/www.suministroscti.com\/?cat=10\">Tratamiento de Aguas<\/a><\/p><\/div><\/td>\n<\/tr>\n<\/tbody>\n<\/table>\n<p style=\"text-align: justify;\">\u2022 Abrillantadores \u2022 Aditivos \u2022 Anticorrosivos \u2022 Antiespumantes \u2022 Cremas de Manos \u2022 Desatascadores \u2022 Descarbonizantes \u2022 Desengrasantes Alcalinos \u2022 Desengrasantes Base Solvente \u2022 Desincrustantes \u2022 Deslizantes \u2022 Desmoldeantes \u2022 Aflojatodo \u2022 Desodorizantes \u2022 Desoxidantes \u2022 Desparafinadores \u2022 Diel\u00e9ctricos \u2022 Fluidos de Corte \u2022 Higienizantes \u2022 Jabones \u2022 Quitapinturas \u2022 Decapantes \u2022 Raticidas \u2022 Repelentes \u2022 Tratamientos Especiales \u2022 Ambientadores \u2022 Limpiadores \u2022 Desencofrantes \u2022 T.Aguas Industriales \u2022 T.Aguas Potables \u2022 T.Aguas Residuales \u2022 Tratamientos Piscinas \u2022 Aerosoles \u2022 Lubricantes \u2022 Bolsas de Basura \u2022 Bolsas de basura industriales y de hogar \u2022 Bolsas camiseta, de mercado y envasado alvac\u00edo \u2022 Bolsa para la compra \u2022 Cubos de basura y papeleras \u2022 Embalaje (film paletizar, cinta adhesiva y aplicadores) \u2022 Envoltorios (papel aluminio, film\u2026) \u2022 Envases Herm\u00e9ticos \u2022 Cubiertos metalizados de pl\u00e1stico \u2022 Platos cuadrados de pl\u00e1stico \u2022 Vasos y copas metalizados de pl\u00e1stico \u2022 Cubetas y platos blancos de pl\u00e1stico \u2022 Cubiertos blancos y transparentes de pl\u00e1stico \u2022 Vasos, jarras y copas de pl\u00e1stico \u2022 Pajitas, agitadores y adornos para helados \u2022 Palillos \u2022 Envases de aluminio y OPS \u2022 Cajas de pizzas \u2022 Envases de cart\u00f3n \u2022 Envases Isot\u00e9rmicos \u2022 Bolsas de papel\u2022 Talonarios de comandas \u2022 Blondas y bandejas cart\u00f3n \u2022 Celulosas \u2022 Mantel cortado y en rollo \u2022 Mantel individual e infantiles \u2022 Mantel plastificado \u2022 Manteles cortado, en rollo Don clever-Tex \u2022 Sobres porta-cubiertos y servilleta canguro \u2022 Manteles y servilletas tissue seco \u2022 Servilletas blancas y de color \u2022 Toalla zigzag y en rollo \u2022 Celulosa, seca-manos . Pasta 100% \u2022 Higi\u00e9nico Pasta 100% y papel camilla \u2022 y muchos m\u00e1s productos para su empresa &#8230;<\/p>\n","protected":false},"excerpt":{"rendered":"<p>Descargas: \u00a0\u00a0 Cat\u00e1logo de Productos Qu\u00edmicos Cat\u00e1logo de Productos de Limpieza y Hosteler\u00eda PRODUCTOS POR SECTORES &nbsp; \u2022 Abrillantadores \u2022 Aditivos \u2022 Anticorrosivos \u2022 Antiespumantes \u2022 Cremas de Manos \u2022 Desatascadores \u2022 Descarbonizantes \u2022 Desengrasantes Alcalinos \u2022 Desengrasantes Base Solvente \u2022 Desincrustantes \u2022 Deslizantes \u2022 Desmoldeantes \u2022 Aflojatodo \u2022 Desodorizantes \u2022 Desoxidantes \u2022 Desparafinadores \u2022 &hellip; <\/p>\n<p><a class=\"more-link btn\" href=\"http:\/\/www.suministroscti.com\/?page_id=18\">Seguir leyendo<\/a><\/p>\n","protected":false},"author":1,"featured_media":0,"parent":0,"menu_order":0,"comment_status":"open","ping_status":"open","template":"","meta":{"footnotes":""},"class_list":["post-18","page","type-page","status-publish","hentry","nodate","item-wrap"],"_links":{"self":[{"href":"http:\/\/www.suministroscti.com\/index.php?rest_route=\/wp\/v2\/pages\/18","targetHints":{"allow":["GET"]}}],"collection":[{"href":"http:\/\/www.suministroscti.com\/index.php?rest_route=\/wp\/v2\/pages"}],"about":[{"href":"http:\/\/www.suministroscti.com\/index.php?rest_route=\/wp\/v2\/types\/page"}],"author":[{"embeddable":true,"href":"http:\/\/www.suministroscti.com\/index.php?rest_route=\/wp\/v2\/users\/1"}],"replies":[{"embeddable":true,"href":"http:\/\/www.suministroscti.com\/index.php?rest_route=%2Fwp%2Fv2%2Fcomments&post=18"}],"version-history":[{"count":13,"href":"http:\/\/www.suministroscti.com\/index.php?rest_route=\/wp\/v2\/pages\/18\/revisions"}],"predecessor-version":[{"id":279,"href":"http:\/\/www.suministroscti.com\/index.php?rest_route=\/wp\/v2\/pages\/18\/revisions\/279"}],"wp:attachment":[{"href":"http:\/\/www.suministroscti.com\/index.php?rest_route=%2Fwp%2Fv2%2Fmedia&parent=18"}],"curies":[{"name":"wp","href":"https:\/\/api.w.org\/{rel}","templated":true}]}}